{"id":1988,"date":"2022-11-08T15:46:09","date_gmt":"2022-11-08T14:46:09","guid":{"rendered":"http:\/\/54.37.8.74\/?page_id=1988"},"modified":"2023-09-26T12:40:57","modified_gmt":"2023-09-26T10:40:57","slug":"politique-de-confidentialite","status":"publish","type":"page","link":"https:\/\/juniorutc.fr\/?page_id=1988","title":{"rendered":"Politique de confidentialit\u00e9"},"content":{"rendered":"\t\t<div data-elementor-type=\"wp-page\" data-elementor-id=\"1988\" class=\"elementor elementor-1988\" data-elementor-post-type=\"page\">\n\t\t\t\t\t\t<section class=\"elementor-section elementor-top-section elementor-element elementor-element-5325e9b elementor-section-boxed elementor-section-height-default elementor-section-height-default\" data-id=\"5325e9b\" data-element_type=\"section\" data-e-type=\"section\">\n\t\t\t\t\t\t<div class=\"elementor-container elementor-column-gap-default\">\n\t\t\t\t\t<div class=\"elementor-column elementor-col-100 elementor-top-column elementor-element elementor-element-9418d42\" data-id=\"9418d42\" data-element_type=\"column\" data-e-type=\"column\">\n\t\t\t<div class=\"elementor-widget-wrap elementor-element-populated\">\n\t\t\t\t\t\t<div class=\"elementor-element elementor-element-d631fc4 heading elementor-widget elementor-widget-heading\" data-id=\"d631fc4\" data-element_type=\"widget\" data-e-type=\"widget\" data-widget_type=\"heading.default\">\n\t\t\t\t<div class=\"elementor-widget-container\">\n\t\t\t\t\t<h1 class=\"elementor-heading-title elementor-size-default\">Politique de Confidentialit\u00e9<\/h1>\t\t\t\t<\/div>\n\t\t\t\t<\/div>\n\t\t\t\t\t<\/div>\n\t\t<\/div>\n\t\t\t\t\t<\/div>\n\t\t<\/section>\n\t\t\t\t<section class=\"elementor-section elementor-top-section elementor-element elementor-element-d026162 elementor-section-boxed elementor-section-height-default elementor-section-height-default\" data-id=\"d026162\" data-element_type=\"section\" data-e-type=\"section\">\n\t\t\t\t\t\t<div class=\"elementor-container elementor-column-gap-default\">\n\t\t\t\t\t<div class=\"elementor-column elementor-col-100 elementor-top-column elementor-element elementor-element-94b7c7d\" data-id=\"94b7c7d\" data-element_type=\"column\" data-e-type=\"column\">\n\t\t\t<div class=\"elementor-widget-wrap elementor-element-populated\">\n\t\t\t\t\t\t<div class=\"elementor-element elementor-element-38a18ee elementor-widget elementor-widget-text-editor\" data-id=\"38a18ee\" data-element_type=\"widget\" data-e-type=\"widget\" data-widget_type=\"text-editor.default\">\n\t\t\t\t<div class=\"elementor-widget-container\">\n\t\t\t\t\t\t\t\t\t<p><span style=\"font-weight: 400;\">Conform\u00e9ment aux dispositions de la loi n\u00b0 2004-575 du 21 juin 2004 pour la confiance en l&rsquo;\u00e9conomie num\u00e9rique, il est pr\u00e9cis\u00e9 aux utilisateurs du site test l&rsquo;identit\u00e9 des diff\u00e9rents intervenants dans le cadre de sa r\u00e9alisation et de son suivi.<\/span><\/p>\t\t\t\t\t\t\t\t<\/div>\n\t\t\t\t<\/div>\n\t\t\t\t\t<\/div>\n\t\t<\/div>\n\t\t\t\t\t<\/div>\n\t\t<\/section>\n\t\t\t\t<section class=\"elementor-section elementor-top-section elementor-element elementor-element-4747d93 elementor-section-boxed elementor-section-height-default elementor-section-height-default\" data-id=\"4747d93\" data-element_type=\"section\" data-e-type=\"section\">\n\t\t\t\t\t\t<div class=\"elementor-container elementor-column-gap-default\">\n\t\t\t\t\t<div class=\"elementor-column elementor-col-100 elementor-top-column elementor-element elementor-element-524a842\" data-id=\"524a842\" data-element_type=\"column\" data-e-type=\"column\">\n\t\t\t<div class=\"elementor-widget-wrap elementor-element-populated\">\n\t\t\t\t\t\t<div class=\"elementor-element elementor-element-f890622 elementor-widget elementor-widget-heading\" data-id=\"f890622\" data-element_type=\"widget\" data-e-type=\"widget\" data-widget_type=\"heading.default\">\n\t\t\t\t<div class=\"elementor-widget-container\">\n\t\t\t\t\t<h2 class=\"elementor-heading-title elementor-size-default\">Qui sommes-nous ?<\/h2>\t\t\t\t<\/div>\n\t\t\t\t<\/div>\n\t\t\t\t<div class=\"elementor-element elementor-element-9d148d0 elementor-widget elementor-widget-text-editor\" data-id=\"9d148d0\" data-element_type=\"widget\" data-e-type=\"widget\" data-widget_type=\"text-editor.default\">\n\t\t\t\t<div class=\"elementor-widget-container\">\n\t\t\t\t\t\t\t\t\t<p>Nous sommes Junior UTC, Junior-Entreprise de l\u2019UTC &#8211; une association de loi 1901 affili\u00e9e \u00e0 la Conf\u00e9d\u00e9ration Nationale des Junior-Entreprises<\/p>\t\t\t\t\t\t\t\t<\/div>\n\t\t\t\t<\/div>\n\t\t\t\t\t<\/div>\n\t\t<\/div>\n\t\t\t\t\t<\/div>\n\t\t<\/section>\n\t\t\t\t<section class=\"elementor-section elementor-top-section elementor-element elementor-element-1c41750 elementor-section-boxed elementor-section-height-default elementor-section-height-default\" data-id=\"1c41750\" data-element_type=\"section\" data-e-type=\"section\">\n\t\t\t\t\t\t<div class=\"elementor-container elementor-column-gap-default\">\n\t\t\t\t\t<div class=\"elementor-column elementor-col-100 elementor-top-column elementor-element elementor-element-1f15db4\" data-id=\"1f15db4\" data-element_type=\"column\" data-e-type=\"column\">\n\t\t\t<div class=\"elementor-widget-wrap elementor-element-populated\">\n\t\t\t\t\t\t<div class=\"elementor-element elementor-element-74a444e elementor-widget elementor-widget-heading\" data-id=\"74a444e\" data-element_type=\"widget\" data-e-type=\"widget\" data-widget_type=\"heading.default\">\n\t\t\t\t<div class=\"elementor-widget-container\">\n\t\t\t\t\t<h2 class=\"elementor-heading-title elementor-size-default\">Edition du site<\/h2>\t\t\t\t<\/div>\n\t\t\t\t<\/div>\n\t\t\t\t<div class=\"elementor-element elementor-element-2a39748 elementor-widget elementor-widget-text-editor\" data-id=\"2a39748\" data-element_type=\"widget\" data-e-type=\"widget\" data-widget_type=\"text-editor.default\">\n\t\t\t\t<div class=\"elementor-widget-container\">\n\t\t\t\t\t\t\t\t\t<p><span style=\"font-weight: 400;\">Le pr\u00e9sent site est accessible \u00e0 l\u2019URL juniorutc.fr<\/span><\/p>\n<h6><span style=\"font-weight: 400;\">L\u2019association Junior UTC, enregistr\u00e9e sous le num\u00e9ro&nbsp;<\/span><span style=\"color: var( --e-global-color-bb45730 ); font-family: var( --e-global-typography-text-font-family ), Sans-serif; font-weight: var( --e-global-typography-text-font-weight ); font-size: 1rem;\">SIRET:&nbsp;&nbsp;<\/span><span style=\"color: var( --e-global-color-bb45730 ); font-family: var( --e-global-typography-text-font-family ), Sans-serif; font-weight: var( --e-global-typography-text-font-weight ); font-size: 1rem;\">348 429 531 00018<\/span><span style=\"color: var( --e-global-color-bb45730 ); font-family: var( --e-global-typography-text-font-family ), Sans-serif; font-weight: var( --e-global-typography-text-font-weight ); font-size: 1rem;\">, ayant son si\u00e8ge situ\u00e9 \u00e0 r<\/span><span style=\"color: var( --e-global-color-bb45730 ); font-family: var( --e-global-typography-text-font-family ), Sans-serif; font-weight: var( --e-global-typography-text-font-weight ); font-size: 1rem;\">ue Roger Couttolenc, 60200 Compi\u00e8gne, France,&nbsp;<\/span><span style=\"font-weight: var( --e-global-typography-text-font-weight ); background-color: transparent; font-size: 12pt; color: #000000; font-family: Calibri, sans-serif; white-space: pre-wrap;\">repr\u00e9sent\u00e9e par <\/span><span style=\"color: var( --e-global-color-bb45730 ); font-family: var( --e-global-typography-text-font-family ), Sans-serif; font-weight: var( --e-global-typography-text-font-weight ); font-size: 1rem;\">Monsieur BIZIEUX Titouan<\/span>&nbsp;<span style=\"color: #000000; font-family: Calibri, sans-serif;\"><span style=\"white-space: pre-wrap;\">en qualit\u00e9 de pr\u00e9sident.<\/span><\/span><\/h6>\n<p><\/p>\n<p><span style=\"font-weight: 400;\">Le num\u00e9ro individuel TVA de l\u2019\u00e9diteur est :&nbsp;<\/span><span style=\"color: var( --e-global-color-bb45730 ); font-family: var( --e-global-typography-text-font-family ), Sans-serif; font-weight: var( --e-global-typography-text-font-weight ); font-size: 1rem;\">FR18348429531<\/span><span style=\"color: var( --e-global-color-bb45730 ); font-family: var( --e-global-typography-text-font-family ), Sans-serif; font-size: 1rem;\">.<\/span><\/p>\t\t\t\t\t\t\t\t<\/div>\n\t\t\t\t<\/div>\n\t\t\t\t\t<\/div>\n\t\t<\/div>\n\t\t\t\t\t<\/div>\n\t\t<\/section>\n\t\t\t\t<section class=\"elementor-section elementor-top-section elementor-element elementor-element-7bb5c87 elementor-section-boxed elementor-section-height-default elementor-section-height-default\" data-id=\"7bb5c87\" data-element_type=\"section\" data-e-type=\"section\">\n\t\t\t\t\t\t<div class=\"elementor-container elementor-column-gap-default\">\n\t\t\t\t\t<div class=\"elementor-column elementor-col-100 elementor-top-column elementor-element elementor-element-7b59a39\" data-id=\"7b59a39\" data-element_type=\"column\" data-e-type=\"column\">\n\t\t\t<div class=\"elementor-widget-wrap elementor-element-populated\">\n\t\t\t\t\t\t<div class=\"elementor-element elementor-element-fbba8df elementor-widget elementor-widget-heading\" data-id=\"fbba8df\" data-element_type=\"widget\" data-e-type=\"widget\" data-widget_type=\"heading.default\">\n\t\t\t\t<div class=\"elementor-widget-container\">\n\t\t\t\t\t<h2 class=\"elementor-heading-title elementor-size-default\">Donn\u00e9es personnelles &amp; Cookies<\/h2>\t\t\t\t<\/div>\n\t\t\t\t<\/div>\n\t\t\t\t<div class=\"elementor-element elementor-element-42fcc38 elementor-widget elementor-widget-text-editor\" data-id=\"42fcc38\" data-element_type=\"widget\" data-e-type=\"widget\" data-widget_type=\"text-editor.default\">\n\t\t\t\t<div class=\"elementor-widget-container\">\n\t\t\t\t\t\t\t\t\t<p>Le Site assure \u00e0 l&rsquo;Utilisateur une collecte et un traitement d&rsquo;informations personnelles dans le respectde la vie priv\u00e9e conform\u00e9ment \u00e0 la loi n\u00b078-17 du 6 janvier 1978 relative \u00e0 l&rsquo;informatique, aux fichiers et aux libert\u00e9s.<\/p><p>En vertu de la loi Informatique et Libert\u00e9s, en date du 6 janvier 1978, l&rsquo;utilisateur dispose d&rsquo;un droit d&rsquo;acc\u00e8s, de rectification, de suppression et d&rsquo;opposition de ses donn\u00e9es personnelles. L&rsquo;utilisateur exerce ce droit par mail \u00e0 l&rsquo;adresse email : contact@juniorutc.fr<\/p><p>Aucune donn\u00e9e personnelle partag\u00e9e avec nous ne sera c\u00e9d\u00e9e \u00e0 des tiers, en aucun cas. Vos donn\u00e9es ne seront \u00e9galement jamais utilis\u00e9es par nous \u00e0 quelque fin que ce soit sans autorisation sp\u00e9cifique.<\/p><p>Si vous remplissez l&rsquo;un des formulaires de contact, vos donn\u00e9es ne seront utilis\u00e9es uniquement pour des raisons de qualit\u00e9 et pour r\u00e9pondre \u00e0 vos demandes<\/p>\t\t\t\t\t\t\t\t<\/div>\n\t\t\t\t<\/div>\n\t\t\t\t\t<\/div>\n\t\t<\/div>\n\t\t\t\t\t<\/div>\n\t\t<\/section>\n\t\t\t\t<section class=\"elementor-section elementor-top-section elementor-element elementor-element-a3fe80b elementor-section-boxed elementor-section-height-default elementor-section-height-default\" data-id=\"a3fe80b\" data-element_type=\"section\" data-e-type=\"section\">\n\t\t\t\t\t\t<div class=\"elementor-container elementor-column-gap-default\">\n\t\t\t\t\t<div class=\"elementor-column elementor-col-100 elementor-top-column elementor-element elementor-element-e7769d5\" data-id=\"e7769d5\" data-element_type=\"column\" data-e-type=\"column\">\n\t\t\t<div class=\"elementor-widget-wrap elementor-element-populated\">\n\t\t\t\t\t\t<div class=\"elementor-element elementor-element-375e18e elementor-widget elementor-widget-heading\" data-id=\"375e18e\" data-element_type=\"widget\" data-e-type=\"widget\" data-widget_type=\"heading.default\">\n\t\t\t\t<div class=\"elementor-widget-container\">\n\t\t\t\t\t<h2 class=\"elementor-heading-title elementor-size-default\">Nous contacter<\/h2>\t\t\t\t<\/div>\n\t\t\t\t<\/div>\n\t\t\t\t<div class=\"elementor-element elementor-element-c529862 elementor-widget elementor-widget-text-editor\" data-id=\"c529862\" data-element_type=\"widget\" data-e-type=\"widget\" data-widget_type=\"text-editor.default\">\n\t\t\t\t<div class=\"elementor-widget-container\">\n\t\t\t\t\t\t\t\t\t<p>Par email: contact@juniorutc.fr<\/p><p>Par courrier: Junior UTC &#8211; rue Roger Couttolenc &#8211; CS 60319, 60203 CEDEX Compi\u00e8gne<\/p>\t\t\t\t\t\t\t\t<\/div>\n\t\t\t\t<\/div>\n\t\t\t\t\t<\/div>\n\t\t<\/div>\n\t\t\t\t\t<\/div>\n\t\t<\/section>\n\t\t\t\t<section class=\"elementor-section elementor-top-section elementor-element elementor-element-511ed11 elementor-section-boxed elementor-section-height-default elementor-section-height-default\" data-id=\"511ed11\" data-element_type=\"section\" data-e-type=\"section\">\n\t\t\t\t\t\t<div class=\"elementor-container elementor-column-gap-default\">\n\t\t\t\t\t<div class=\"elementor-column elementor-col-100 elementor-top-column elementor-element elementor-element-c0d8559\" data-id=\"c0d8559\" data-element_type=\"column\" data-e-type=\"column\">\n\t\t\t<div class=\"elementor-widget-wrap elementor-element-populated\">\n\t\t\t\t\t\t<div class=\"elementor-element elementor-element-0964bdc elementor-widget elementor-widget-text-editor\" data-id=\"0964bdc\" data-element_type=\"widget\" data-e-type=\"widget\" data-widget_type=\"text-editor.default\">\n\t\t\t\t<div class=\"elementor-widget-container\">\n\t\t\t\t\t\t\t\t\t<p>Toute utilisation, reproduction, diffusion, commercialisation, modification de toute ou partie du Site, sans autorisation de l\u2019Editeur est prohib\u00e9e et pourra entra\u00een\u00e9e des actions et poursuites judiciaires telles que notamment pr\u00e9vues par le Code de la propri\u00e9t\u00e9 intellectuelle et le Code civil.<\/p>\t\t\t\t\t\t\t\t<\/div>\n\t\t\t\t<\/div>\n\t\t\t\t\t<\/div>\n\t\t<\/div>\n\t\t\t\t\t<\/div>\n\t\t<\/section>\n\t\t\t\t<\/div>\n\t\t","protected":false},"excerpt":{"rendered":"<p>Politique de Confidentialit\u00e9 Conform\u00e9ment aux dispositions de la loi n\u00b0 2004-575 du 21 juin 2004 pour la confiance en l&rsquo;\u00e9conomie num\u00e9rique, il est pr\u00e9cis\u00e9 aux utilisateurs du site test l&rsquo;identit\u00e9 des diff\u00e9rents intervenants dans le cadre de sa r\u00e9alisation et de son suivi. Qui sommes-nous ? Nous sommes Junior UTC, Junior-Entreprise de l\u2019UTC &#8211; une [&hellip;]<\/p>\n","protected":false},"author":1,"featured_media":0,"parent":0,"menu_order":0,"comment_status":"closed","ping_status":"closed","template":"","meta":{"content-type":"","footnotes":""},"class_list":["post-1988","page","type-page","status-publish","hentry"],"yoast_head":"<!-- This site is optimized with the Yoast SEO plugin v27.5 - https:\/\/yoast.com\/product\/yoast-seo-wordpress\/ -->\n<title>Politique de confidentialit\u00e9 - Junior UTC<\/title>\n<meta name=\"robots\" content=\"index, follow, max-snippet:-1, max-image-preview:large, max-video-preview:-1\" \/>\n<link rel=\"canonical\" href=\"https:\/\/juniorutc.fr\/?page_id=1988\" \/>\n<meta property=\"og:locale\" content=\"fr_FR\" \/>\n<meta property=\"og:type\" content=\"article\" \/>\n<meta property=\"og:title\" content=\"Politique de confidentialit\u00e9 - Junior UTC\" \/>\n<meta property=\"og:description\" content=\"Politique de Confidentialit\u00e9 Conform\u00e9ment aux dispositions de la loi n\u00b0 2004-575 du 21 juin 2004 pour la confiance en l&rsquo;\u00e9conomie num\u00e9rique, il est pr\u00e9cis\u00e9 aux utilisateurs du site test l&rsquo;identit\u00e9 des diff\u00e9rents intervenants dans le cadre de sa r\u00e9alisation et de son suivi. Qui sommes-nous ? Nous sommes Junior UTC, Junior-Entreprise de l\u2019UTC &#8211; une [&hellip;]\" \/>\n<meta property=\"og:url\" content=\"https:\/\/juniorutc.fr\/?page_id=1988\" \/>\n<meta property=\"og:site_name\" content=\"Junior UTC\" \/>\n<meta property=\"article:publisher\" content=\"https:\/\/www.facebook.com\/junior.utc\" \/>\n<meta property=\"article:modified_time\" content=\"2023-09-26T10:40:57+00:00\" \/>\n<meta property=\"og:image\" content=\"https:\/\/juniorutc.fr\/wp-content\/uploads\/2023\/12\/Junior-UTC.png\" \/>\n\t<meta property=\"og:image:width\" content=\"628\" \/>\n\t<meta property=\"og:image:height\" content=\"366\" \/>\n\t<meta property=\"og:image:type\" content=\"image\/png\" \/>\n<meta name=\"twitter:card\" content=\"summary_large_image\" \/>\n<meta name=\"twitter:label1\" content=\"Dur\u00e9e de lecture estim\u00e9e\" \/>\n\t<meta name=\"twitter:data1\" content=\"2 minutes\" \/>\n<script type=\"application\/ld+json\" class=\"yoast-schema-graph\">{\"@context\":\"https:\\\/\\\/schema.org\",\"@graph\":[{\"@type\":\"WebPage\",\"@id\":\"https:\\\/\\\/juniorutc.fr\\\/?page_id=1988\",\"url\":\"https:\\\/\\\/juniorutc.fr\\\/?page_id=1988\",\"name\":\"Politique de confidentialit\u00e9 - Junior UTC\",\"isPartOf\":{\"@id\":\"https:\\\/\\\/juniorutc.fr\\\/#website\"},\"datePublished\":\"2022-11-08T14:46:09+00:00\",\"dateModified\":\"2023-09-26T10:40:57+00:00\",\"breadcrumb\":{\"@id\":\"https:\\\/\\\/juniorutc.fr\\\/?page_id=1988#breadcrumb\"},\"inLanguage\":\"fr-FR\",\"potentialAction\":[{\"@type\":\"ReadAction\",\"target\":[\"https:\\\/\\\/juniorutc.fr\\\/?page_id=1988\"]}]},{\"@type\":\"BreadcrumbList\",\"@id\":\"https:\\\/\\\/juniorutc.fr\\\/?page_id=1988#breadcrumb\",\"itemListElement\":[{\"@type\":\"ListItem\",\"position\":1,\"name\":\"Accueil\",\"item\":\"https:\\\/\\\/juniorutc.fr\\\/\"},{\"@type\":\"ListItem\",\"position\":2,\"name\":\"Politique de confidentialit\u00e9\"}]},{\"@type\":\"WebSite\",\"@id\":\"https:\\\/\\\/juniorutc.fr\\\/#website\",\"url\":\"https:\\\/\\\/juniorutc.fr\\\/\",\"name\":\"Junior UTC\",\"description\":\"Travaillez aujourd&#039;hui avec les ing\u00e9nieurs de demain\",\"publisher\":{\"@id\":\"https:\\\/\\\/juniorutc.fr\\\/#organization\"},\"potentialAction\":[{\"@type\":\"SearchAction\",\"target\":{\"@type\":\"EntryPoint\",\"urlTemplate\":\"https:\\\/\\\/juniorutc.fr\\\/?s={search_term_string}\"},\"query-input\":{\"@type\":\"PropertyValueSpecification\",\"valueRequired\":true,\"valueName\":\"search_term_string\"}}],\"inLanguage\":\"fr-FR\"},{\"@type\":\"Organization\",\"@id\":\"https:\\\/\\\/juniorutc.fr\\\/#organization\",\"name\":\"Junior Entreprise de l'UTC\",\"alternateName\":\"Junior UTC\",\"url\":\"https:\\\/\\\/juniorutc.fr\\\/\",\"logo\":{\"@type\":\"ImageObject\",\"inLanguage\":\"fr-FR\",\"@id\":\"https:\\\/\\\/juniorutc.fr\\\/#\\\/schema\\\/logo\\\/image\\\/\",\"url\":\"https:\\\/\\\/juniorutc.fr\\\/wp-content\\\/uploads\\\/2022\\\/05\\\/logo_JE.png\",\"contentUrl\":\"https:\\\/\\\/juniorutc.fr\\\/wp-content\\\/uploads\\\/2022\\\/05\\\/logo_JE.png\",\"width\":628,\"height\":366,\"caption\":\"Junior Entreprise de l'UTC\"},\"image\":{\"@id\":\"https:\\\/\\\/juniorutc.fr\\\/#\\\/schema\\\/logo\\\/image\\\/\"},\"sameAs\":[\"https:\\\/\\\/www.facebook.com\\\/junior.utc\",\"https:\\\/\\\/www.linkedin.com\\\/company\\\/jutc\\\/\"]}]}<\/script>\n<!-- \/ Yoast SEO plugin. -->","yoast_head_json":{"title":"Politique de confidentialit\u00e9 - Junior UTC","robots":{"index":"index","follow":"follow","max-snippet":"max-snippet:-1","max-image-preview":"max-image-preview:large","max-video-preview":"max-video-preview:-1"},"canonical":"https:\/\/juniorutc.fr\/?page_id=1988","og_locale":"fr_FR","og_type":"article","og_title":"Politique de confidentialit\u00e9 - Junior UTC","og_description":"Politique de Confidentialit\u00e9 Conform\u00e9ment aux dispositions de la loi n\u00b0 2004-575 du 21 juin 2004 pour la confiance en l&rsquo;\u00e9conomie num\u00e9rique, il est pr\u00e9cis\u00e9 aux utilisateurs du site test l&rsquo;identit\u00e9 des diff\u00e9rents intervenants dans le cadre de sa r\u00e9alisation et de son suivi. Qui sommes-nous ? Nous sommes Junior UTC, Junior-Entreprise de l\u2019UTC &#8211; une [&hellip;]","og_url":"https:\/\/juniorutc.fr\/?page_id=1988","og_site_name":"Junior UTC","article_publisher":"https:\/\/www.facebook.com\/junior.utc","article_modified_time":"2023-09-26T10:40:57+00:00","og_image":[{"width":628,"height":366,"url":"https:\/\/juniorutc.fr\/wp-content\/uploads\/2023\/12\/Junior-UTC.png","type":"image\/png"}],"twitter_card":"summary_large_image","twitter_misc":{"Dur\u00e9e de lecture estim\u00e9e":"2 minutes"},"schema":{"@context":"https:\/\/schema.org","@graph":[{"@type":"WebPage","@id":"https:\/\/juniorutc.fr\/?page_id=1988","url":"https:\/\/juniorutc.fr\/?page_id=1988","name":"Politique de confidentialit\u00e9 - Junior UTC","isPartOf":{"@id":"https:\/\/juniorutc.fr\/#website"},"datePublished":"2022-11-08T14:46:09+00:00","dateModified":"2023-09-26T10:40:57+00:00","breadcrumb":{"@id":"https:\/\/juniorutc.fr\/?page_id=1988#breadcrumb"},"inLanguage":"fr-FR","potentialAction":[{"@type":"ReadAction","target":["https:\/\/juniorutc.fr\/?page_id=1988"]}]},{"@type":"BreadcrumbList","@id":"https:\/\/juniorutc.fr\/?page_id=1988#breadcrumb","itemListElement":[{"@type":"ListItem","position":1,"name":"Accueil","item":"https:\/\/juniorutc.fr\/"},{"@type":"ListItem","position":2,"name":"Politique de confidentialit\u00e9"}]},{"@type":"WebSite","@id":"https:\/\/juniorutc.fr\/#website","url":"https:\/\/juniorutc.fr\/","name":"Junior UTC","description":"Travaillez aujourd&#039;hui avec les ing\u00e9nieurs de demain","publisher":{"@id":"https:\/\/juniorutc.fr\/#organization"},"potentialAction":[{"@type":"SearchAction","target":{"@type":"EntryPoint","urlTemplate":"https:\/\/juniorutc.fr\/?s={search_term_string}"},"query-input":{"@type":"PropertyValueSpecification","valueRequired":true,"valueName":"search_term_string"}}],"inLanguage":"fr-FR"},{"@type":"Organization","@id":"https:\/\/juniorutc.fr\/#organization","name":"Junior Entreprise de l'UTC","alternateName":"Junior UTC","url":"https:\/\/juniorutc.fr\/","logo":{"@type":"ImageObject","inLanguage":"fr-FR","@id":"https:\/\/juniorutc.fr\/#\/schema\/logo\/image\/","url":"https:\/\/juniorutc.fr\/wp-content\/uploads\/2022\/05\/logo_JE.png","contentUrl":"https:\/\/juniorutc.fr\/wp-content\/uploads\/2022\/05\/logo_JE.png","width":628,"height":366,"caption":"Junior Entreprise de l'UTC"},"image":{"@id":"https:\/\/juniorutc.fr\/#\/schema\/logo\/image\/"},"sameAs":["https:\/\/www.facebook.com\/junior.utc","https:\/\/www.linkedin.com\/company\/jutc\/"]}]}},"_links":{"self":[{"href":"https:\/\/juniorutc.fr\/index.php?rest_route=\/wp\/v2\/pages\/1988","targetHints":{"allow":["GET"]}}],"collection":[{"href":"https:\/\/juniorutc.fr\/index.php?rest_route=\/wp\/v2\/pages"}],"about":[{"href":"https:\/\/juniorutc.fr\/index.php?rest_route=\/wp\/v2\/types\/page"}],"author":[{"embeddable":true,"href":"https:\/\/juniorutc.fr\/index.php?rest_route=\/wp\/v2\/users\/1"}],"replies":[{"embeddable":true,"href":"https:\/\/juniorutc.fr\/index.php?rest_route=%2Fwp%2Fv2%2Fcomments&post=1988"}],"version-history":[{"count":26,"href":"https:\/\/juniorutc.fr\/index.php?rest_route=\/wp\/v2\/pages\/1988\/revisions"}],"predecessor-version":[{"id":3716,"href":"https:\/\/juniorutc.fr\/index.php?rest_route=\/wp\/v2\/pages\/1988\/revisions\/3716"}],"wp:attachment":[{"href":"https:\/\/juniorutc.fr\/index.php?rest_route=%2Fwp%2Fv2%2Fmedia&parent=1988"}],"curies":[{"name":"wp","href":"https:\/\/api.w.org\/{rel}","templated":true}]}}